{"id":872,"date":"2018-01-12T23:06:23","date_gmt":"2018-01-12T23:06:23","guid":{"rendered":"https:\/\/colligeres.wpengine.com\/?page_id=872"},"modified":"2018-02-03T16:54:32","modified_gmt":"2018-02-03T21:54:32","slug":"colligeres-cloud","status":"publish","type":"page","link":"https:\/\/colligeres.com\/en\/cloud-services\/colligeres-cloud\/","title":{"rendered":"Colligeres Cloud"},"content":{"rendered":"<p>[et_pb_section bb_built=&#8221;1&#8243; fullwidth=&#8221;on&#8221; specialty=&#8221;off&#8221; _builder_version=&#8221;3.0.98&#8243; background_image=&#8221;https:\/\/colligeres.com\/wp-content\/uploads\/2018\/02\/services-header2.jpg&#8221; background_position=&#8221;top_center&#8221; module_id=&#8221;other-header-section&#8221; use_background_color_gradient=&#8221;on&#8221; global_module=&#8221;877&#8243;][et_pb_fullwidth_header admin_label=&#8221;Page Header&#8221; global_parent=&#8221;877&#8243; _builder_version=&#8221;3.0.98&#8243; title=&#8221;Cloud Services&#8221; subhead=&#8221;How do we help?&#8221; text_orientation=&#8221;center&#8221; header_fullscreen=&#8221;off&#8221; header_scroll_down=&#8221;off&#8221; image_orientation=&#8221;center&#8221; background_layout=&#8221;dark&#8221; content_orientation=&#8221;center&#8221; custom_button_one=&#8221;off&#8221; button_one_icon_placement=&#8221;right&#8221; custom_button_two=&#8221;off&#8221; button_two_icon_placement=&#8221;right&#8221; background_overlay_color=&#8221;rgba(0,38,92,0.3)&#8221; \/][\/et_pb_section][et_pb_section bb_built=&#8221;1&#8243; fullwidth=&#8221;off&#8221; specialty=&#8221;off&#8221; _builder_version=&#8221;3.0.85&#8243; module_id=&#8221;services-cloud-section&#8221;][et_pb_row _builder_version=&#8221;3.0.98&#8243; module_id_1=&#8221;big&#8221; disabled=&#8221;off&#8221; disabled_on=&#8221;||on&#8221;][et_pb_column type=&#8221;4_4&#8243;][et_pb_blurb _builder_version=&#8221;3.0.98&#8243; title=&#8221;Colligeres Cloud&#8221; url_new_window=&#8221;off&#8221; use_icon=&#8221;off&#8221; image=&#8221;https:\/\/colligeres.com\/wp-content\/uploads\/2017\/11\/Group.png&#8221; use_circle=&#8221;off&#8221; use_circle_border=&#8221;off&#8221; icon_placement=&#8221;top&#8221; use_icon_font_size=&#8221;off&#8221; background_layout=&#8221;light&#8221; module_id=&#8221;cloud-big&#8221;]<\/p>\n<h5>The processing power you need, ready in minutes<\/h5>\n<p>Our team of experts has worked hard to develop specialized cloud servers that are among the fastest in the industry. You can activate high-perfromance, virtual servers and increase or diminish your resources in just a few clicks.<\/p>\n<ul>\n<li>Benefit from industry-leading performance<\/li>\n<li>Increase your capacity for processing, memory, storage or bandwidth in just a few clicks<\/li>\n<li>Pay only for what you use, when you have used it<\/li>\n<li>Avoid complex infrastructure planning and design<\/li>\n<li>Replace obsolete equipment with cutting edge technology<\/li>\n<\/ul>\n<p><strong>Cloud Servers<\/strong><br \/>\nFastest cloud servers on the market<br \/>\nHigh-end infrastructure<br \/>\nManaged services available<\/p>\n<p><strong>Cloud data <\/strong><br \/>\nMicrosoft SQL Server 2014<br \/>\nBusiness Edition<\/p>\n<p>[\/et_pb_blurb][\/et_pb_column][\/et_pb_row][et_pb_row _builder_version=&#8221;3.0.98&#8243; background_color_1=&#8221;#f0f0f0&#8243; module_id_1=&#8221;small&#8221; module_class_2=&#8221;big&#8221;][et_pb_column type=&#8221;1_4&#8243;][et_pb_blurb admin_label=&#8221;Exchange&#8221; _builder_version=&#8221;3.0.91&#8243; title=&#8221;Hosting Exchange&#8221; url_new_window=&#8221;off&#8221; use_icon=&#8221;off&#8221; image=&#8221;https:\/\/colligeres.com\/wp-content\/uploads\/2017\/11\/Page-1-Copy-2.png&#8221; use_circle=&#8221;off&#8221; use_circle_border=&#8221;off&#8221; icon_placement=&#8221;left&#8221; use_icon_font_size=&#8221;off&#8221; background_layout=&#8221;light&#8221; module_id=&#8221;exchange-small&#8221; url=&#8221;\/cloud-services\/hosting-exchange&#8221; saved_tabs=&#8221;all&#8221; global_module=&#8221;838&#8243; \/][et_pb_blurb admin_label=&#8221;Office 365&#8243; _builder_version=&#8221;3.0.91&#8243; title=&#8221;Office 365&#8243; url_new_window=&#8221;off&#8221; use_icon=&#8221;off&#8221; image=&#8221;https:\/\/colligeres.com\/wp-content\/uploads\/2017\/11\/Path.png&#8221; use_circle=&#8221;off&#8221; use_circle_border=&#8221;off&#8221; icon_placement=&#8221;left&#8221; use_icon_font_size=&#8221;off&#8221; background_layout=&#8221;light&#8221; module_id=&#8221;office-small&#8221; url=&#8221;\/en\/cloud-services\/office-365&#8243; saved_tabs=&#8221;all&#8221; global_module=&#8221;855&#8243; \/][et_pb_blurb admin_label=&#8221;Colligeres Cloud&#8221; _builder_version=&#8221;3.0.91&#8243; title=&#8221;Colligeres Cloud&#8221; url_new_window=&#8221;off&#8221; use_icon=&#8221;off&#8221; image=&#8221;https:\/\/colligeres.com\/wp-content\/uploads\/2017\/11\/Group.png&#8221; use_circle=&#8221;off&#8221; use_circle_border=&#8221;off&#8221; icon_placement=&#8221;left&#8221; use_icon_font_size=&#8221;off&#8221; background_layout=&#8221;light&#8221; module_id=&#8221;cloud-small&#8221; url=&#8221;\/en\/cloud-services\/colligeres-cloud&#8221; saved_tabs=&#8221;all&#8221; global_module=&#8221;856&#8243; \/][et_pb_blurb admin_label=&#8221;Sharepoint&#8221; _builder_version=&#8221;3.0.91&#8243; title=&#8221;Sharepoint Hosting&#8221; url_new_window=&#8221;off&#8221; use_icon=&#8221;off&#8221; image=&#8221;https:\/\/colligeres.com\/wp-content\/uploads\/2017\/11\/Page-1.png&#8221; use_circle=&#8221;off&#8221; use_circle_border=&#8221;off&#8221; icon_placement=&#8221;left&#8221; use_icon_font_size=&#8221;off&#8221; background_layout=&#8221;light&#8221; module_id=&#8221;sharepoint-small&#8221; url=&#8221;\/en\/cloud-services\/sharepoint-hosting&#8221; saved_tabs=&#8221;all&#8221; global_module=&#8221;857&#8243; \/][et_pb_blurb admin_label=&#8221;Online Backup&#8221; _builder_version=&#8221;3.0.91&#8243; title=&#8221;Online Backup&#8221; url_new_window=&#8221;off&#8221; use_icon=&#8221;off&#8221; image=&#8221;https:\/\/colligeres.com\/wp-content\/uploads\/2017\/11\/Group-2.png&#8221; use_circle=&#8221;off&#8221; use_circle_border=&#8221;off&#8221; icon_placement=&#8221;left&#8221; use_icon_font_size=&#8221;off&#8221; background_layout=&#8221;light&#8221; module_id=&#8221;line-small&#8221; url=&#8221;\/en\/cloud-services\/online-backup&#8221; saved_tabs=&#8221;all&#8221; global_module=&#8221;858&#8243; \/][et_pb_blurb admin_label=&#8221;Email Conformity&#8221; _builder_version=&#8221;3.0.91&#8243; title=&#8221;Email Conformity&#8221; url_new_window=&#8221;off&#8221; use_icon=&#8221;off&#8221; image=&#8221;https:\/\/colligeres.com\/wp-content\/uploads\/2017\/11\/Shape.png&#8221; use_circle=&#8221;off&#8221; use_circle_border=&#8221;off&#8221; icon_placement=&#8221;left&#8221; use_icon_font_size=&#8221;off&#8221; background_layout=&#8221;light&#8221; module_id=&#8221;mail-small&#8221; url=&#8221;\/en\/cloud-services\/email-conformity&#8221; saved_tabs=&#8221;all&#8221; global_module=&#8221;860&#8243; \/][et_pb_blurb admin_label=&#8221;IP Telephony&#8221; _builder_version=&#8221;3.0.91&#8243; title=&#8221;IP Telephony&#8221; url_new_window=&#8221;off&#8221; use_icon=&#8221;off&#8221; image=&#8221;https:\/\/colligeres.com\/wp-content\/uploads\/2017\/11\/Page-1-Copy-3.png&#8221; use_circle=&#8221;off&#8221; use_circle_border=&#8221;off&#8221; icon_placement=&#8221;left&#8221; use_icon_font_size=&#8221;off&#8221; background_layout=&#8221;light&#8221; module_id=&#8221;phone-small&#8221; url=&#8221;\/en\/cloud-services\/ip-telephony&#8221; saved_tabs=&#8221;all&#8221; global_module=&#8221;862&#8243; \/][et_pb_blurb admin_label=&#8221;Identity Management&#8221; _builder_version=&#8221;3.0.91&#8243; title=&#8221;Identity Management&#8221; url_new_window=&#8221;off&#8221; use_icon=&#8221;off&#8221; image=&#8221;https:\/\/colligeres.com\/wp-content\/uploads\/2017\/12\/identite.png&#8221; use_circle=&#8221;off&#8221; use_circle_border=&#8221;off&#8221; icon_placement=&#8221;left&#8221; use_icon_font_size=&#8221;off&#8221; background_layout=&#8221;light&#8221; module_id=&#8221;phone-small&#8221; url=&#8221;\/en\/cloud-services\/identity-management&#8221; saved_tabs=&#8221;all&#8221; global_module=&#8221;863&#8243; \/][et_pb_blurb admin_label=&#8221;Online Office&#8221; _builder_version=&#8221;3.0.91&#8243; title=&#8221;Online Office&#8221; url_new_window=&#8221;off&#8221; use_icon=&#8221;off&#8221; image=&#8221;https:\/\/colligeres.com\/wp-content\/uploads\/2017\/12\/Shape.png&#8221; use_circle=&#8221;off&#8221; use_circle_border=&#8221;off&#8221; icon_placement=&#8221;left&#8221; use_icon_font_size=&#8221;off&#8221; background_layout=&#8221;light&#8221; module_id=&#8221;phone-small&#8221; url=&#8221;\/en\/cloud-services\/online-office&#8221; saved_tabs=&#8221;all&#8221; global_module=&#8221;865&#8243; \/][\/et_pb_column][et_pb_column type=&#8221;3_4&#8243;][et_pb_blurb _builder_version=&#8221;3.0.98&#8243; title=&#8221;Colligeres Cloud&#8221; url_new_window=&#8221;off&#8221; use_icon=&#8221;off&#8221; image=&#8221;https:\/\/colligeres.com\/wp-content\/uploads\/2017\/11\/Group.png&#8221; use_circle=&#8221;off&#8221; use_circle_border=&#8221;off&#8221; icon_placement=&#8221;left&#8221; use_icon_font_size=&#8221;off&#8221; background_layout=&#8221;light&#8221; module_id=&#8221;cloud-big&#8221; disabled=&#8221;off&#8221; disabled_on=&#8221;on|on|off&#8221;]<\/p>\n<h5>The processing power you need, ready in minutes<\/h5>\n<p>Our team of experts has worked hard to develop specialized cloud servers that are among the fastest in the industry. You can activate high-perfromance, virtual servers and increase or diminish your resources in just a few clicks.<\/p>\n<ul>\n<li>Benefit from industry-leading performance<\/li>\n<li>Increase your capacity for processing, memory, storage or bandwidth in just a few clicks<\/li>\n<li>Pay only for what you use, when you have used it<\/li>\n<li>Avoid complex infrastructure planning and design<\/li>\n<li>Replace obsolete equipment with cutting edge technology<\/li>\n<\/ul>\n<p><strong>Cloud Servers<\/strong><br \/>\nFastest cloud servers on the market<br \/>\nHigh-end infrastructure<br \/>\nManaged services available<\/p>\n<p><strong>Cloud data <\/strong><br \/>\nMicrosoft SQL Server 2014<br \/>\nBusiness Edition<\/p>\n<p>[\/et_pb_blurb][\/et_pb_column][\/et_pb_row][\/et_pb_section][et_pb_section bb_built=&#8221;1&#8243; _builder_version=&#8221;3.0.91&#8243; module_id=&#8221;two-green-section&#8221;][et_pb_row _builder_version=&#8221;3.0.91&#8243; background_color_1=&#8221;#00265c&#8221; background_color_2=&#8221;#29a8df&#8221; use_custom_gutter=&#8221;on&#8221; gutter_width=&#8221;2&#8243; module_class_1=&#8221;padding-col&#8221; module_class_2=&#8221;padding-col&#8221; make_equal=&#8221;on&#8221; custom_padding=&#8221;0px|||&#8221;][et_pb_column type=&#8221;1_2&#8243;][et_pb_cta _builder_version=&#8221;3.0.91&#8243; title=&#8221;Nos services professionnels&#8221; button_text=&#8221;Solutions disponibles&#8221; button_url=&#8221;\/services-cloud\/professionnels&#8221; url_new_window=&#8221;off&#8221; use_background_color=&#8221;off&#8221; background_layout=&#8221;dark&#8221; custom_button=&#8221;off&#8221; button_icon_placement=&#8221;right&#8221; text_orientation=&#8221;left&#8221;]<\/p>\n<p>Get a global and internal view of your organization with our customized solutions. <\/p>\n<p>Our experts will work with your team to create an environment where creativity and collaboration are at the heart of your activities. <\/p>\n<\/p>\n<p>[\/et_pb_cta][\/et_pb_column][et_pb_column type=&#8221;1_2&#8243;][et_pb_cta _builder_version=&#8221;3.0.85&#8243; title=&#8221;Nos services g\u00e9r\u00e9s&#8221; button_text=&#8221;En savoir plus&#8221; button_url=&#8221;\/services-cloud\/geres&#8221; url_new_window=&#8221;off&#8221; use_background_color=&#8221;off&#8221; background_layout=&#8221;dark&#8221; custom_button=&#8221;off&#8221; button_icon_placement=&#8221;right&#8221; text_orientation=&#8221;left&#8221;]<\/p>\n<p>Nos services g\u00e9r\u00e9s simplifient votre travail et votre planification budg\u00e9taire. Moyennant des frais mensuels par serveur, nos experts assurent la gestion de votre infrastructure et de vos logiciels.<\/p>\n<p>Vous n\u2019avez plus \u00e0 vous soucier de la mise en route, de la configuration initiale, de la maintenance, des services d\u2019assistance, de la r\u00e9paration et plus encore. Nous voyons \u00e0 tout.<\/p>\n<p>[\/et_pb_cta][\/et_pb_column][\/et_pb_row][\/et_pb_section][et_pb_section bb_built=&#8221;1&#8243; fullwidth=&#8221;on&#8221; specialty=&#8221;off&#8221; _builder_version=&#8221;3.0.91&#8243; background_image=&#8221;https:\/\/colligeres.com\/wp-content\/uploads\/2017\/11\/prefooterbg.jpg&#8221; module_id=&#8221;belt-section&#8221; background_color_gradient_start=&#8221;rgba(13,142,193,0.41)&#8221; background_color_gradient_start_position=&#8221;100%&#8221;][et_pb_fullwidth_header _builder_version=&#8221;3.0.91&#8243; button_one_text=&#8221;30 days free&#8221; button_one_url=&#8221;\/demarrer\/&#8221; text_orientation=&#8221;center&#8221; header_fullscreen=&#8221;off&#8221; header_scroll_down=&#8221;off&#8221; image_orientation=&#8221;center&#8221; background_layout=&#8221;dark&#8221; content_orientation=&#8221;center&#8221; custom_button_one=&#8221;off&#8221; button_one_icon_placement=&#8221;right&#8221; custom_button_two=&#8221;off&#8221; button_two_icon_placement=&#8221;right&#8221; subhead=&#8221;Take advantage of a customized ICT strategy&#8221; background_overlay_color=&#8221;rgba(0,0,0,0.33)&#8221; custom_padding=&#8221;100px||100px|&#8221; \/][\/et_pb_section]<\/p>\n","protected":false},"excerpt":{"rendered":"<p>The processing power you need, ready in minutes Our team of experts has worked hard to develop specialized cloud servers that are among the fastest in the industry. You can activate high-perfromance, virtual servers and increase or diminish your resources in just a few clicks. Benefit from industry-leading performance Increase your capacity for processing, memory, [&hellip;]<\/p>\n","protected":false},"author":3,"featured_media":0,"parent":835,"menu_order":0,"comment_status":"closed","ping_status":"closed","template":"","meta":{"_et_pb_use_builder":"on","_et_pb_old_content":"","_et_gb_content_width":"","footnotes":""},"class_list":["post-872","page","type-page","status-publish","hentry"],"_links":{"self":[{"href":"https:\/\/colligeres.com\/en\/wp-json\/wp\/v2\/pages\/872","targetHints":{"allow":["GET"]}}],"collection":[{"href":"https:\/\/colligeres.com\/en\/wp-json\/wp\/v2\/pages"}],"about":[{"href":"https:\/\/colligeres.com\/en\/wp-json\/wp\/v2\/types\/page"}],"author":[{"embeddable":true,"href":"https:\/\/colligeres.com\/en\/wp-json\/wp\/v2\/users\/3"}],"replies":[{"embeddable":true,"href":"https:\/\/colligeres.com\/en\/wp-json\/wp\/v2\/comments?post=872"}],"version-history":[{"count":0,"href":"https:\/\/colligeres.com\/en\/wp-json\/wp\/v2\/pages\/872\/revisions"}],"up":[{"embeddable":true,"href":"https:\/\/colligeres.com\/en\/wp-json\/wp\/v2\/pages\/835"}],"wp:attachment":[{"href":"https:\/\/colligeres.com\/en\/wp-json\/wp\/v2\/media?parent=872"}],"curies":[{"name":"wp","href":"https:\/\/api.w.org\/{rel}","templated":true}]}}